{"id":126,"date":"2025-10-04T12:10:22","date_gmt":"2025-10-04T12:10:22","guid":{"rendered":"https:\/\/michelclouin.fr\/?page_id=126"},"modified":"2026-02-07T08:51:28","modified_gmt":"2026-02-07T08:51:28","slug":"collaboration","status":"publish","type":"page","link":"https:\/\/michelclouin.fr\/en\/collaboration\/","title":{"rendered":"Collaborations"},"content":{"rendered":"<div data-elementor-type=\"wp-page\" data-elementor-id=\"126\" class=\"elementor elementor-126\" data-elementor-post-type=\"page\">\n\t\t\t\t<div class=\"elementor-element elementor-element-961a41d e-flex e-con-boxed e-con e-parent\" data-id=\"961a41d\" data-element_type=\"container\">\n\t\t\t\t\t<div class=\"e-con-inner\">\n\t\t\t\t<div class=\"elementor-element elementor-element-ea81b4e elementor-widget elementor-widget-spacer\" data-id=\"ea81b4e\" data-element_type=\"widget\" data-widget_type=\"spacer.default\">\n\t\t\t\t\t\t\t<div class=\"elementor-spacer\">\n\t\t\t<div class=\"elementor-spacer-inner\"><\/div>\n\t\t<\/div>\n\t\t\t\t\t\t<\/div>\n\t\t\t\t<div class=\"elementor-element elementor-element-510fd83 elementor-widget elementor-widget-heading\" data-id=\"510fd83\" data-element_type=\"widget\" data-widget_type=\"heading.default\">\n\t\t\t\t\t<h1 class=\"elementor-heading-title elementor-size-default\">At the crossroads of gestures: Michel Clouin and Tana Kim\u00ae<\/h1>\t\t\t\t<\/div>\n\t\t\t\t<div class=\"elementor-element elementor-element-40f6cf0 elementor-widget elementor-widget-heading\" data-id=\"40f6cf0\" data-element_type=\"widget\" data-widget_type=\"heading.default\">\n\t\t\t\t\t<h2 class=\"elementor-heading-title elementor-size-default\">Expression Collaboration<\/h2>\t\t\t\t<\/div>\n\t\t\t\t<div class=\"elementor-element elementor-element-780b640 elementor-widget elementor-widget-text-editor\" data-id=\"780b640\" data-element_type=\"widget\" data-widget_type=\"text-editor.default\">\n\t\t\t\t\t\t\t\t\t<p><strong>A dialogue at the crossroads of art and fashion.<\/strong><\/p><p>Since 2025, a dialogue has taken shape with Tana Kim\u00ae, a brand that rethinks the textile object as a work of art and a lived piece, meant to be activated.\nA skirt-and-matching-bag ensemble becomes an OTNI\u00ae (Unidentified Textile Object), created in collaboration with a contemporary visual artist and conceived as a work of art.\u00a0<\/p><p class=\"translation-block\">Worn and then transformed according to an artistic protocol <em>(not disclosed at this stage)<\/em>, each OTNI\u00ae gives rise to a new creation, born from gesture, use, and material.<\/p><p class=\"translation-block\">The Expression collection is part of the series <em><span style=\"text-decoration: underline\"><a href=\"https:\/\/michelclouin.fr\/en\/danses\/\" target=\"_self\">Danses<\/a><\/span>, <span style=\"text-decoration: underline\"><a href=\"https:\/\/michelclouin.fr\/en\/retours\/\" target=\"_self\">Retours<\/a><\/span>, and <span style=\"text-decoration: underline\"><a href=\"https:\/\/michelclouin.fr\/en\/danses-encore\/\" target=\"_self\">Danses Encore<\/a><\/span>.<\/em><\/p><p>It is composed of 20 works.<\/p><p>\u25b7 Hybrid textile works to be worn, then transformed;<\/p><p>\u25b7 Stylistic and artistic experiences.<\/p>\t\t\t\t\t\t\t\t<\/div>\n\t\t\t\t\t<\/div>\n\t\t\t\t<\/div>\n\t\t<div class=\"elementor-element elementor-element-8a311a7 e-flex e-con-boxed e-con e-parent\" data-id=\"8a311a7\" data-element_type=\"container\">\n\t\t\t\t\t<div class=\"e-con-inner\">\n\t\t\t\t<div class=\"elementor-element elementor-element-6cbf5fe elementor-widget elementor-widget-gallery\" data-id=\"6cbf5fe\" data-element_type=\"widget\" data-settings=\"{&quot;gallery_layout&quot;:&quot;masonry&quot;,&quot;columns&quot;:4,&quot;columns_tablet&quot;:2,&quot;columns_mobile&quot;:1,&quot;gap&quot;:{&quot;unit&quot;:&quot;px&quot;,&quot;size&quot;:10,&quot;sizes&quot;:[]},&quot;gap_tablet&quot;:{&quot;unit&quot;:&quot;px&quot;,&quot;size&quot;:10,&quot;sizes&quot;:[]},&quot;gap_mobile&quot;:{&quot;unit&quot;:&quot;px&quot;,&quot;size&quot;:10,&quot;sizes&quot;:[]},&quot;link_to&quot;:&quot;file&quot;,&quot;overlay_background&quot;:&quot;yes&quot;,&quot;content_hover_animation&quot;:&quot;fade-in&quot;}\" data-widget_type=\"gallery.default\">\n\t\t\t\t\t\t\t<div class=\"elementor-gallery__container\">\n\t\t\t\t\t\t\t<a class=\"e-gallery-item elementor-gallery-item elementor-animated-content\" href=\"https:\/\/michelclouin.fr\/wp-content\/uploads\/2026\/01\/IMG_0550-scaled.jpeg\" data-elementor-open-lightbox=\"yes\" data-elementor-lightbox-slideshow=\"6cbf5fe\" data-e-action-hash=\"#elementor-action%3Aaction%3Dlightbox%26settings%3DeyJpZCI6MjUzNSwidXJsIjoiaHR0cHM6XC9cL21pY2hlbGNsb3Vpbi5mclwvd3AtY29udGVudFwvdXBsb2Fkc1wvMjAyNlwvMDFcL0lNR18wNTUwLXNjYWxlZC5qcGVnIiwic2xpZGVzaG93IjoiNmNiZjVmZSJ9\">\n\t\t\t\t\t<div class=\"e-gallery-image elementor-gallery-item__image\" data-thumbnail=\"https:\/\/michelclouin.fr\/wp-content\/uploads\/2026\/01\/IMG_0550-300x300.jpeg\" data-width=\"300\" data-height=\"300\" aria-label=\"\" role=\"img\" ><\/div>\n\t\t\t\t\t\t\t\t\t\t\t<div class=\"elementor-gallery-item__overlay\"><\/div>\n\t\t\t\t\t\t\t\t\t\t\t\t\t\t<\/a>\n\t\t\t\t\t\t\t<a class=\"e-gallery-item elementor-gallery-item elementor-animated-content\" href=\"https:\/\/michelclouin.fr\/wp-content\/uploads\/2026\/01\/IMG_0534-scaled.jpeg\" data-elementor-open-lightbox=\"yes\" data-elementor-lightbox-slideshow=\"6cbf5fe\" data-e-action-hash=\"#elementor-action%3Aaction%3Dlightbox%26settings%3DeyJpZCI6MjU4MCwidXJsIjoiaHR0cHM6XC9cL21pY2hlbGNsb3Vpbi5mclwvd3AtY29udGVudFwvdXBsb2Fkc1wvMjAyNlwvMDFcL0lNR18wNTM0LXNjYWxlZC5qcGVnIiwic2xpZGVzaG93IjoiNmNiZjVmZSJ9\">\n\t\t\t\t\t<div class=\"e-gallery-image elementor-gallery-item__image\" data-thumbnail=\"https:\/\/michelclouin.fr\/wp-content\/uploads\/2026\/01\/IMG_0534-300x300.jpeg\" data-width=\"300\" data-height=\"300\" aria-label=\"\" role=\"img\" ><\/div>\n\t\t\t\t\t\t\t\t\t\t\t<div class=\"elementor-gallery-item__overlay\"><\/div>\n\t\t\t\t\t\t\t\t\t\t\t\t\t\t<\/a>\n\t\t\t\t\t\t\t<a class=\"e-gallery-item elementor-gallery-item elementor-animated-content\" href=\"https:\/\/michelclouin.fr\/wp-content\/uploads\/2026\/01\/IMG_0535-scaled.jpeg\" data-elementor-open-lightbox=\"yes\" data-elementor-lightbox-slideshow=\"6cbf5fe\" data-e-action-hash=\"#elementor-action%3Aaction%3Dlightbox%26settings%3DeyJpZCI6MjUyNywidXJsIjoiaHR0cHM6XC9cL21pY2hlbGNsb3Vpbi5mclwvd3AtY29udGVudFwvdXBsb2Fkc1wvMjAyNlwvMDFcL0lNR18wNTM1LXNjYWxlZC5qcGVnIiwic2xpZGVzaG93IjoiNmNiZjVmZSJ9\">\n\t\t\t\t\t<div class=\"e-gallery-image elementor-gallery-item__image\" data-thumbnail=\"https:\/\/michelclouin.fr\/wp-content\/uploads\/2026\/01\/IMG_0535-300x300.jpeg\" data-width=\"300\" data-height=\"300\" aria-label=\"\" role=\"img\" ><\/div>\n\t\t\t\t\t\t\t\t\t\t\t<div class=\"elementor-gallery-item__overlay\"><\/div>\n\t\t\t\t\t\t\t\t\t\t\t\t\t\t<\/a>\n\t\t\t\t\t\t\t<a class=\"e-gallery-item elementor-gallery-item elementor-animated-content\" href=\"https:\/\/michelclouin.fr\/wp-content\/uploads\/2026\/01\/IMG_0590-scaled.jpeg\" data-elementor-open-lightbox=\"yes\" data-elementor-lightbox-slideshow=\"6cbf5fe\" data-e-action-hash=\"#elementor-action%3Aaction%3Dlightbox%26settings%3DeyJpZCI6MjU2MywidXJsIjoiaHR0cHM6XC9cL21pY2hlbGNsb3Vpbi5mclwvd3AtY29udGVudFwvdXBsb2Fkc1wvMjAyNlwvMDFcL0lNR18wNTkwLXNjYWxlZC5qcGVnIiwic2xpZGVzaG93IjoiNmNiZjVmZSJ9\">\n\t\t\t\t\t<div class=\"e-gallery-image elementor-gallery-item__image\" data-thumbnail=\"https:\/\/michelclouin.fr\/wp-content\/uploads\/2026\/01\/IMG_0590-300x300.jpeg\" data-width=\"300\" data-height=\"300\" aria-label=\"\" role=\"img\" ><\/div>\n\t\t\t\t\t\t\t\t\t\t\t<div class=\"elementor-gallery-item__overlay\"><\/div>\n\t\t\t\t\t\t\t\t\t\t\t\t\t\t<\/a>\n\t\t\t\t\t<\/div>\n\t\t\t\t\t<\/div>\n\t\t\t\t\t<\/div>\n\t\t\t\t<\/div>\n\t\t<div class=\"elementor-element elementor-element-76215db e-flex e-con-boxed e-con e-parent\" data-id=\"76215db\" data-element_type=\"container\">\n\t\t\t\t\t<div class=\"e-con-inner\">\n\t\t\t\t<div class=\"elementor-element elementor-element-28a75b4 elementor-widget elementor-widget-spacer\" data-id=\"28a75b4\" data-element_type=\"widget\" data-widget_type=\"spacer.default\">\n\t\t\t\t\t\t\t<div class=\"elementor-spacer\">\n\t\t\t<div class=\"elementor-spacer-inner\"><\/div>\n\t\t<\/div>\n\t\t\t\t\t\t<\/div>\n\t\t\t\t<div class=\"elementor-element elementor-element-2378220 elementor-widget elementor-widget-video\" data-id=\"2378220\" data-element_type=\"widget\" data-settings=\"{&quot;video_type&quot;:&quot;hosted&quot;,&quot;controls&quot;:&quot;yes&quot;}\" data-widget_type=\"video.default\">\n\t\t\t\t\t\t\t<div class=\"e-hosted-video elementor-wrapper elementor-open-inline\">\n\t\t\t\t\t<video class=\"elementor-video\" src=\"https:\/\/michelclouin.fr\/wp-content\/uploads\/2026\/01\/Tana-Kim-Instagram-4-MC.mp4\" controls=\"\" preload=\"auto\" controlslist=\"nodownload\"><\/video>\n\t\t\t\t<\/div>\n\t\t\t\t\t\t<\/div>\n\t\t\t\t\t<\/div>\n\t\t\t\t<\/div>\n\t\t<div class=\"elementor-element elementor-element-5d28cbd e-flex e-con-boxed e-con e-parent\" data-id=\"5d28cbd\" data-element_type=\"container\">\n\t\t\t\t\t<div class=\"e-con-inner\">\n\t\t\t\t<div class=\"elementor-element elementor-element-56d47ba elementor-widget elementor-widget-spacer\" data-id=\"56d47ba\" data-element_type=\"widget\" data-widget_type=\"spacer.default\">\n\t\t\t\t\t\t\t<div class=\"elementor-spacer\">\n\t\t\t<div class=\"elementor-spacer-inner\"><\/div>\n\t\t<\/div>\n\t\t\t\t\t\t<\/div>\n\t\t\t\t<div class=\"elementor-element elementor-element-3571726 elementor-widget elementor-widget-heading\" data-id=\"3571726\" data-element_type=\"widget\" data-widget_type=\"heading.default\">\n\t\t\t\t\t<h2 class=\"elementor-heading-title elementor-size-default\">Fusion Collaboration<\/h2>\t\t\t\t<\/div>\n\t\t\t\t<div class=\"elementor-element elementor-element-48360e0 elementor-widget elementor-widget-video\" data-id=\"48360e0\" data-element_type=\"widget\" data-settings=\"{&quot;video_type&quot;:&quot;hosted&quot;,&quot;controls&quot;:&quot;yes&quot;}\" data-widget_type=\"video.default\">\n\t\t\t\t\t\t\t<div class=\"e-hosted-video elementor-wrapper elementor-open-inline\">\n\t\t\t\t\t<video class=\"elementor-video\" src=\"https:\/\/michelclouin.fr\/wp-content\/uploads\/2026\/01\/Instagram-Fusion2.mp4\" controls=\"\" preload=\"auto\" controlslist=\"nodownload\"><\/video>\n\t\t\t\t<\/div>\n\t\t\t\t\t\t<\/div>\n\t\t\t\t<div class=\"elementor-element elementor-element-a21e664 elementor-widget elementor-widget-text-editor\" data-id=\"a21e664\" data-element_type=\"widget\" data-widget_type=\"text-editor.default\">\n\t\t\t\t\t\t\t\t\t<p class=\"translation-block\">Michel Clouin creates digital artworks. He creates, composes, explores.<\/p><p><span style=\"text-align: var(--text-align);\">Then the artwork leaves the screen to inhabit the material. It is printed onto the Tana Kim matrix.\u00a0<\/span><\/p><p><span style=\"text-align: var(--text-align);\">La couture interpr\u00e8te, la forme se r\u00e9v\u00e8le et l&rsquo;ensemble prend corps.\u00a0<\/span><\/p><p><span style=\"text-align: var(--text-align);\">Port\u00e9, l&rsquo;ensemble devient un support d&rsquo;expression. Une \u0153uvre en mouvement, vivante dans son quotidien.\u00a0<\/span><\/p><p><span style=\"text-align: var(--text-align);\">Fusion unfolds in an in-between space: a zone of co-creation. The artwork and the material prepare to engage in dialogue with the body.<\/span><\/p><p class=\"translation-block\">The Fusion collection is part of the series <span style=\"text-decoration: underline\"><a href=\"https:\/\/michelclouin.fr\/en\/danses-encore\/\" target=\"_self\">Danses Encore<\/a><\/span> and <em><span style=\"text-decoration: underline\"><a href=\"https:\/\/michelclouin.fr\/en\/retours\/\" target=\"_self\">Retours<\/a><\/span><\/em>.<\/p><p>It is composed of 7 works.<\/p>\t\t\t\t\t\t\t\t<\/div>\n\t\t\t\t<div class=\"elementor-element elementor-element-0501c0c elementor-widget elementor-widget-spacer\" data-id=\"0501c0c\" data-element_type=\"widget\" data-widget_type=\"spacer.default\">\n\t\t\t\t\t\t\t<div class=\"elementor-spacer\">\n\t\t\t<div class=\"elementor-spacer-inner\"><\/div>\n\t\t<\/div>\n\t\t\t\t\t\t<\/div>\n\t\t\t\t<div class=\"elementor-element elementor-element-92802ee elementor-align-center elementor-widget elementor-widget-button\" data-id=\"92802ee\" data-element_type=\"widget\" data-widget_type=\"button.default\">\n\t\t\t\t\t\t\t\t\t\t<a class=\"elementor-button elementor-button-link elementor-size-sm\" href=\"https:\/\/tanakim.fr\">\n\t\t\t\t\t\t<span class=\"elementor-button-content-wrapper\">\n\t\t\t\t\t\t<span class=\"elementor-button-icon\">\n\t\t\t\t<svg aria-hidden=\"true\" class=\"e-font-icon-svg e-far-arrow-alt-circle-right\" viewbox=\"0 0 512 512\" xmlns=\"http:\/\/www.w3.org\/2000\/svg\"><path d=\"M504 256C504 119 393 8 256 8S8 119 8 256s111 248 248 248 248-111 248-248zm-448 0c0-110.5 89.5-200 200-200s200 89.5 200 200-89.5 200-200 200S56 366.5 56 256zm72 20v-40c0-6.6 5.4-12 12-12h116v-67c0-10.7 12.9-16 20.5-8.5l99 99c4.7 4.7 4.7 12.3 0 17l-99 99c-7.6 7.6-20.5 2.2-20.5-8.5v-67H140c-6.6 0-12-5.4-12-12z\"><\/path><\/svg>\t\t\t<\/span>\n\t\t\t\t\t\t\t\t\t<span class=\"elementor-button-text\">Tana Kim\u00ae website<\/span>\n\t\t\t\t\t<\/span>\n\t\t\t\t\t<\/a>\n\t\t\t\t\t\t\t\t<\/div>\n\t\t\t\t\t<\/div>\n\t\t\t\t<\/div>\n\t\t<div class=\"elementor-element elementor-element-27c3924 e-flex e-con-boxed e-con e-parent\" data-id=\"27c3924\" data-element_type=\"container\">\n\t\t\t\t\t<div class=\"e-con-inner\">\n\t\t\t\t<div class=\"elementor-element elementor-element-1fafb82 elementor-widget elementor-widget-spacer\" data-id=\"1fafb82\" data-element_type=\"widget\" data-widget_type=\"spacer.default\">\n\t\t\t\t\t\t\t<div class=\"elementor-spacer\">\n\t\t\t<div class=\"elementor-spacer-inner\"><\/div>\n\t\t<\/div>\n\t\t\t\t\t\t<\/div>\n\t\t\t\t\t<\/div>\n\t\t\t\t<\/div>\n\t\t\t\t<\/div>","protected":false},"excerpt":{"rendered":"<p>A la crois\u00e9e des gestes : Michel Clouin et Tana Kim\u00ae Collaboration Expression Un dialogue \u00e0 la crois\u00e9e de l&rsquo;art et de la mode. Depuis 2025, un dialogue s&rsquo;est affirm\u00e9 avec Tana Kim\u00ae, marque qui repense l&rsquo;objet textile comme oeuvre d&rsquo;art et pi\u00e8ce \u00e0 vivre, \u00e0 activer. Un ensemble jupe et sac assorti devient un [&hellip;]<\/p>","protected":false},"author":3,"featured_media":0,"parent":0,"menu_order":0,"comment_status":"closed","ping_status":"closed","template":"elementor_header_footer","meta":{"footnotes":""},"class_list":["post-126","page","type-page","status-publish","hentry"],"_links":{"self":[{"href":"https:\/\/michelclouin.fr\/en\/wp-json\/wp\/v2\/pages\/126","targetHints":{"allow":["GET"]}}],"collection":[{"href":"https:\/\/michelclouin.fr\/en\/wp-json\/wp\/v2\/pages"}],"about":[{"href":"https:\/\/michelclouin.fr\/en\/wp-json\/wp\/v2\/types\/page"}],"author":[{"embeddable":true,"href":"https:\/\/michelclouin.fr\/en\/wp-json\/wp\/v2\/users\/3"}],"replies":[{"embeddable":true,"href":"https:\/\/michelclouin.fr\/en\/wp-json\/wp\/v2\/comments?post=126"}],"version-history":[{"count":133,"href":"https:\/\/michelclouin.fr\/en\/wp-json\/wp\/v2\/pages\/126\/revisions"}],"predecessor-version":[{"id":2679,"href":"https:\/\/michelclouin.fr\/en\/wp-json\/wp\/v2\/pages\/126\/revisions\/2679"}],"wp:attachment":[{"href":"https:\/\/michelclouin.fr\/en\/wp-json\/wp\/v2\/media?parent=126"}],"curies":[{"name":"wp","href":"https:\/\/api.w.org\/{rel}","templated":true}]}}