{"id":1230,"date":"2025-10-20T20:22:14","date_gmt":"2025-10-20T20:22:14","guid":{"rendered":"https:\/\/michelclouin.fr\/?page_id=1230"},"modified":"2025-10-31T18:28:52","modified_gmt":"2025-10-31T18:28:52","slug":"danses-encore","status":"publish","type":"page","link":"https:\/\/michelclouin.fr\/en\/danses-encore\/","title":{"rendered":"Still dancing"},"content":{"rendered":"<div data-elementor-type=\"wp-page\" data-elementor-id=\"1230\" class=\"elementor elementor-1230\" data-elementor-post-type=\"page\">\n\t\t\t\t<div class=\"elementor-element elementor-element-28c038e e-flex e-con-boxed e-con e-parent\" data-id=\"28c038e\" data-element_type=\"container\">\n\t\t\t\t\t<div class=\"e-con-inner\">\n\t\t\t\t<div class=\"elementor-element elementor-element-5030999 elementor-widget elementor-widget-text-editor\" data-id=\"5030999\" data-element_type=\"widget\" data-widget_type=\"text-editor.default\">\n\t\t\t\t\t\t\t\t\t<p>Les r\u00e9alisations num\u00e9riques sont imprim\u00e9es sur dibond ou sur papier Inket Rag \u00e0 bords frang\u00e9s.<\/p>\t\t\t\t\t\t\t\t<\/div>\n\t\t\t\t\t<\/div>\n\t\t\t\t<\/div>\n\t\t<div class=\"elementor-element elementor-element-f248b24 e-flex e-con-boxed e-con e-parent\" data-id=\"f248b24\" data-element_type=\"container\">\n\t\t\t\t\t<div class=\"e-con-inner\">\n\t\t\t\t<div class=\"elementor-element elementor-element-6cd0677 elementor-widget elementor-widget-gallery\" data-id=\"6cd0677\" data-element_type=\"widget\" data-settings=\"{&quot;columns&quot;:3,&quot;gap&quot;:{&quot;unit&quot;:&quot;px&quot;,&quot;size&quot;:14,&quot;sizes&quot;:[]},&quot;aspect_ratio&quot;:&quot;1:1&quot;,&quot;gallery_layout&quot;:&quot;grid&quot;,&quot;columns_tablet&quot;:2,&quot;columns_mobile&quot;:1,&quot;gap_tablet&quot;:{&quot;unit&quot;:&quot;px&quot;,&quot;size&quot;:10,&quot;sizes&quot;:[]},&quot;gap_mobile&quot;:{&quot;unit&quot;:&quot;px&quot;,&quot;size&quot;:10,&quot;sizes&quot;:[]},&quot;link_to&quot;:&quot;file&quot;,&quot;overlay_background&quot;:&quot;yes&quot;,&quot;content_hover_animation&quot;:&quot;fade-in&quot;}\" data-widget_type=\"gallery.default\">\n\t\t\t\t\t\t\t<div class=\"elementor-gallery__container\">\n\t\t\t\t\t\t\t<a class=\"e-gallery-item elementor-gallery-item elementor-animated-content\" href=\"https:\/\/michelclouin.fr\/wp-content\/uploads\/2025\/10\/1.jpeg\" data-elementor-open-lightbox=\"yes\" data-elementor-lightbox-slideshow=\"6cd0677\" data-elementor-lightbox-title=\"S\u00e9rie Danses encore n\u00b01 - Peinture num\u00e9rique\" data-e-action-hash=\"#elementor-action%3Aaction%3Dlightbox%26settings%3DeyJpZCI6NTg0LCJ1cmwiOiJodHRwczpcL1wvbWljaGVsY2xvdWluLmZyXC93cC1jb250ZW50XC91cGxvYWRzXC8yMDI1XC8xMFwvMS5qcGVnIiwic2xpZGVzaG93IjoiNmNkMDY3NyJ9\">\n\t\t\t\t\t<div class=\"e-gallery-image elementor-gallery-item__image\" data-thumbnail=\"https:\/\/michelclouin.fr\/wp-content\/uploads\/2025\/10\/1.jpeg\" data-width=\"1024\" data-height=\"1024\" aria-label=\"\" role=\"img\" ><\/div>\n\t\t\t\t\t\t\t\t\t\t\t<div class=\"elementor-gallery-item__overlay\"><\/div>\n\t\t\t\t\t\t\t\t\t\t\t\t\t\t<\/a>\n\t\t\t\t\t\t\t<a class=\"e-gallery-item elementor-gallery-item elementor-animated-content\" href=\"https:\/\/michelclouin.fr\/wp-content\/uploads\/2025\/10\/2-1.jpg\" data-elementor-open-lightbox=\"yes\" data-elementor-lightbox-slideshow=\"6cd0677\" data-elementor-lightbox-title=\"S\u00e9rie Danses encore n\u00b02 - Peinture num\u00e9rique\" data-e-action-hash=\"#elementor-action%3Aaction%3Dlightbox%26settings%3DeyJpZCI6NTg1LCJ1cmwiOiJodHRwczpcL1wvbWljaGVsY2xvdWluLmZyXC93cC1jb250ZW50XC91cGxvYWRzXC8yMDI1XC8xMFwvMi0xLmpwZyIsInNsaWRlc2hvdyI6IjZjZDA2NzcifQ%3D%3D\">\n\t\t\t\t\t<div class=\"e-gallery-image elementor-gallery-item__image\" data-thumbnail=\"https:\/\/michelclouin.fr\/wp-content\/uploads\/2025\/10\/2-1.jpg\" data-width=\"1344\" data-height=\"1344\" aria-label=\"\" role=\"img\" ><\/div>\n\t\t\t\t\t\t\t\t\t\t\t<div class=\"elementor-gallery-item__overlay\"><\/div>\n\t\t\t\t\t\t\t\t\t\t\t\t\t\t<\/a>\n\t\t\t\t\t\t\t<a class=\"e-gallery-item elementor-gallery-item elementor-animated-content\" href=\"https:\/\/michelclouin.fr\/wp-content\/uploads\/2025\/10\/3.jpeg\" data-elementor-open-lightbox=\"yes\" data-elementor-lightbox-slideshow=\"6cd0677\" data-elementor-lightbox-title=\"S\u00e9rie Danses encore n\u00b03 - Peinture num\u00e9rique\" data-e-action-hash=\"#elementor-action%3Aaction%3Dlightbox%26settings%3DeyJpZCI6NTg2LCJ1cmwiOiJodHRwczpcL1wvbWljaGVsY2xvdWluLmZyXC93cC1jb250ZW50XC91cGxvYWRzXC8yMDI1XC8xMFwvMy5qcGVnIiwic2xpZGVzaG93IjoiNmNkMDY3NyJ9\">\n\t\t\t\t\t<div class=\"e-gallery-image elementor-gallery-item__image\" data-thumbnail=\"https:\/\/michelclouin.fr\/wp-content\/uploads\/2025\/10\/3.jpeg\" data-width=\"1024\" data-height=\"1024\" aria-label=\"\" role=\"img\" ><\/div>\n\t\t\t\t\t\t\t\t\t\t\t<div class=\"elementor-gallery-item__overlay\"><\/div>\n\t\t\t\t\t\t\t\t\t\t\t\t\t\t<\/a>\n\t\t\t\t\t\t\t<a class=\"e-gallery-item elementor-gallery-item elementor-animated-content\" href=\"https:\/\/michelclouin.fr\/wp-content\/uploads\/2025\/10\/4.jpeg\" data-elementor-open-lightbox=\"yes\" data-elementor-lightbox-slideshow=\"6cd0677\" data-elementor-lightbox-title=\"S\u00e9rie Danses encore n\u00b04 - Peinture num\u00e9rique\" data-e-action-hash=\"#elementor-action%3Aaction%3Dlightbox%26settings%3DeyJpZCI6NTg3LCJ1cmwiOiJodHRwczpcL1wvbWljaGVsY2xvdWluLmZyXC93cC1jb250ZW50XC91cGxvYWRzXC8yMDI1XC8xMFwvNC5qcGVnIiwic2xpZGVzaG93IjoiNmNkMDY3NyJ9\">\n\t\t\t\t\t<div class=\"e-gallery-image elementor-gallery-item__image\" data-thumbnail=\"https:\/\/michelclouin.fr\/wp-content\/uploads\/2025\/10\/4.jpeg\" data-width=\"1024\" data-height=\"1024\" aria-label=\"\" role=\"img\" ><\/div>\n\t\t\t\t\t\t\t\t\t\t\t<div class=\"elementor-gallery-item__overlay\"><\/div>\n\t\t\t\t\t\t\t\t\t\t\t\t\t\t<\/a>\n\t\t\t\t\t\t\t<a class=\"e-gallery-item elementor-gallery-item elementor-animated-content\" href=\"https:\/\/michelclouin.fr\/wp-content\/uploads\/2025\/10\/5.jpeg\" data-elementor-open-lightbox=\"yes\" data-elementor-lightbox-slideshow=\"6cd0677\" data-elementor-lightbox-title=\"S\u00e9rie Danses encore n\u00b05 - Peinture num\u00e9rique\" data-e-action-hash=\"#elementor-action%3Aaction%3Dlightbox%26settings%3DeyJpZCI6NTg4LCJ1cmwiOiJodHRwczpcL1wvbWljaGVsY2xvdWluLmZyXC93cC1jb250ZW50XC91cGxvYWRzXC8yMDI1XC8xMFwvNS5qcGVnIiwic2xpZGVzaG93IjoiNmNkMDY3NyJ9\">\n\t\t\t\t\t<div class=\"e-gallery-image elementor-gallery-item__image\" data-thumbnail=\"https:\/\/michelclouin.fr\/wp-content\/uploads\/2025\/10\/5.jpeg\" data-width=\"1024\" data-height=\"1024\" aria-label=\"\" role=\"img\" ><\/div>\n\t\t\t\t\t\t\t\t\t\t\t<div class=\"elementor-gallery-item__overlay\"><\/div>\n\t\t\t\t\t\t\t\t\t\t\t\t\t\t<\/a>\n\t\t\t\t\t\t\t<a class=\"e-gallery-item elementor-gallery-item elementor-animated-content\" href=\"https:\/\/michelclouin.fr\/wp-content\/uploads\/2025\/10\/6.jpeg\" data-elementor-open-lightbox=\"yes\" data-elementor-lightbox-slideshow=\"6cd0677\" data-elementor-lightbox-title=\"S\u00e9rie Danses encore n\u00b06 - Peinture num\u00e9rique\" data-e-action-hash=\"#elementor-action%3Aaction%3Dlightbox%26settings%3DeyJpZCI6NTg5LCJ1cmwiOiJodHRwczpcL1wvbWljaGVsY2xvdWluLmZyXC93cC1jb250ZW50XC91cGxvYWRzXC8yMDI1XC8xMFwvNi5qcGVnIiwic2xpZGVzaG93IjoiNmNkMDY3NyJ9\">\n\t\t\t\t\t<div class=\"e-gallery-image elementor-gallery-item__image\" data-thumbnail=\"https:\/\/michelclouin.fr\/wp-content\/uploads\/2025\/10\/6.jpeg\" data-width=\"1024\" data-height=\"1024\" aria-label=\"\" role=\"img\" ><\/div>\n\t\t\t\t\t\t\t\t\t\t\t<div class=\"elementor-gallery-item__overlay\"><\/div>\n\t\t\t\t\t\t\t\t\t\t\t\t\t\t<\/a>\n\t\t\t\t\t\t\t<a class=\"e-gallery-item elementor-gallery-item elementor-animated-content\" href=\"https:\/\/michelclouin.fr\/wp-content\/uploads\/2025\/10\/7.jpeg\" data-elementor-open-lightbox=\"yes\" data-elementor-lightbox-slideshow=\"6cd0677\" data-elementor-lightbox-title=\"S\u00e9rie Danses encore n\u00b07 - Peinture num\u00e9rique\" data-e-action-hash=\"#elementor-action%3Aaction%3Dlightbox%26settings%3DeyJpZCI6NTkwLCJ1cmwiOiJodHRwczpcL1wvbWljaGVsY2xvdWluLmZyXC93cC1jb250ZW50XC91cGxvYWRzXC8yMDI1XC8xMFwvNy5qcGVnIiwic2xpZGVzaG93IjoiNmNkMDY3NyJ9\">\n\t\t\t\t\t<div class=\"e-gallery-image elementor-gallery-item__image\" data-thumbnail=\"https:\/\/michelclouin.fr\/wp-content\/uploads\/2025\/10\/7.jpeg\" data-width=\"1024\" data-height=\"1024\" aria-label=\"\" role=\"img\" ><\/div>\n\t\t\t\t\t\t\t\t\t\t\t<div class=\"elementor-gallery-item__overlay\"><\/div>\n\t\t\t\t\t\t\t\t\t\t\t\t\t\t<\/a>\n\t\t\t\t\t\t\t<a class=\"e-gallery-item elementor-gallery-item elementor-animated-content\" href=\"https:\/\/michelclouin.fr\/wp-content\/uploads\/2025\/10\/8.jpeg\" data-elementor-open-lightbox=\"yes\" data-elementor-lightbox-slideshow=\"6cd0677\" data-elementor-lightbox-title=\"S\u00e9rie Danses encore n\u00b08 - Peinture num\u00e9rique\" data-e-action-hash=\"#elementor-action%3Aaction%3Dlightbox%26settings%3DeyJpZCI6NTkxLCJ1cmwiOiJodHRwczpcL1wvbWljaGVsY2xvdWluLmZyXC93cC1jb250ZW50XC91cGxvYWRzXC8yMDI1XC8xMFwvOC5qcGVnIiwic2xpZGVzaG93IjoiNmNkMDY3NyJ9\">\n\t\t\t\t\t<div class=\"e-gallery-image elementor-gallery-item__image\" data-thumbnail=\"https:\/\/michelclouin.fr\/wp-content\/uploads\/2025\/10\/8.jpeg\" data-width=\"1024\" data-height=\"1024\" aria-label=\"\" role=\"img\" ><\/div>\n\t\t\t\t\t\t\t\t\t\t\t<div class=\"elementor-gallery-item__overlay\"><\/div>\n\t\t\t\t\t\t\t\t\t\t\t\t\t\t<\/a>\n\t\t\t\t\t\t\t<a class=\"e-gallery-item elementor-gallery-item elementor-animated-content\" href=\"https:\/\/michelclouin.fr\/wp-content\/uploads\/2025\/10\/9.jpeg\" data-elementor-open-lightbox=\"yes\" data-elementor-lightbox-slideshow=\"6cd0677\" data-elementor-lightbox-title=\"S\u00e9rie Danses encore n\u00b09 - Peinture num\u00e9rique\" data-e-action-hash=\"#elementor-action%3Aaction%3Dlightbox%26settings%3DeyJpZCI6NTkyLCJ1cmwiOiJodHRwczpcL1wvbWljaGVsY2xvdWluLmZyXC93cC1jb250ZW50XC91cGxvYWRzXC8yMDI1XC8xMFwvOS5qcGVnIiwic2xpZGVzaG93IjoiNmNkMDY3NyJ9\">\n\t\t\t\t\t<div class=\"e-gallery-image elementor-gallery-item__image\" data-thumbnail=\"https:\/\/michelclouin.fr\/wp-content\/uploads\/2025\/10\/9.jpeg\" data-width=\"1024\" data-height=\"1024\" aria-label=\"\" role=\"img\" ><\/div>\n\t\t\t\t\t\t\t\t\t\t\t<div class=\"elementor-gallery-item__overlay\"><\/div>\n\t\t\t\t\t\t\t\t\t\t\t\t\t\t<\/a>\n\t\t\t\t\t\t\t<a class=\"e-gallery-item elementor-gallery-item elementor-animated-content\" href=\"https:\/\/michelclouin.fr\/wp-content\/uploads\/2025\/10\/10.jpeg\" data-elementor-open-lightbox=\"yes\" data-elementor-lightbox-slideshow=\"6cd0677\" data-elementor-lightbox-title=\"S\u00e9rie Danses encore n\u00b010 - Peinture num\u00e9rique\" data-e-action-hash=\"#elementor-action%3Aaction%3Dlightbox%26settings%3DeyJpZCI6NTkzLCJ1cmwiOiJodHRwczpcL1wvbWljaGVsY2xvdWluLmZyXC93cC1jb250ZW50XC91cGxvYWRzXC8yMDI1XC8xMFwvMTAuanBlZyIsInNsaWRlc2hvdyI6IjZjZDA2NzcifQ%3D%3D\">\n\t\t\t\t\t<div class=\"e-gallery-image elementor-gallery-item__image\" data-thumbnail=\"https:\/\/michelclouin.fr\/wp-content\/uploads\/2025\/10\/10.jpeg\" data-width=\"1024\" data-height=\"1024\" aria-label=\"\" role=\"img\" ><\/div>\n\t\t\t\t\t\t\t\t\t\t\t<div class=\"elementor-gallery-item__overlay\"><\/div>\n\t\t\t\t\t\t\t\t\t\t\t\t\t\t<\/a>\n\t\t\t\t\t\t\t<a class=\"e-gallery-item elementor-gallery-item elementor-animated-content\" href=\"https:\/\/michelclouin.fr\/wp-content\/uploads\/2025\/10\/11.jpeg\" data-elementor-open-lightbox=\"yes\" data-elementor-lightbox-slideshow=\"6cd0677\" data-elementor-lightbox-title=\"S\u00e9rie Danses encore n\u00b011 - Peinture num\u00e9rique\" data-e-action-hash=\"#elementor-action%3Aaction%3Dlightbox%26settings%3DeyJpZCI6NTk0LCJ1cmwiOiJodHRwczpcL1wvbWljaGVsY2xvdWluLmZyXC93cC1jb250ZW50XC91cGxvYWRzXC8yMDI1XC8xMFwvMTEuanBlZyIsInNsaWRlc2hvdyI6IjZjZDA2NzcifQ%3D%3D\">\n\t\t\t\t\t<div class=\"e-gallery-image elementor-gallery-item__image\" data-thumbnail=\"https:\/\/michelclouin.fr\/wp-content\/uploads\/2025\/10\/11.jpeg\" data-width=\"1024\" data-height=\"1024\" aria-label=\"\" role=\"img\" ><\/div>\n\t\t\t\t\t\t\t\t\t\t\t<div class=\"elementor-gallery-item__overlay\"><\/div>\n\t\t\t\t\t\t\t\t\t\t\t\t\t\t<\/a>\n\t\t\t\t\t\t\t<a class=\"e-gallery-item elementor-gallery-item elementor-animated-content\" href=\"https:\/\/michelclouin.fr\/wp-content\/uploads\/2025\/10\/12.jpeg\" data-elementor-open-lightbox=\"yes\" data-elementor-lightbox-slideshow=\"6cd0677\" data-elementor-lightbox-title=\"S\u00e9rie Danses encore n\u00b012 - Peinture num\u00e9rique\" data-e-action-hash=\"#elementor-action%3Aaction%3Dlightbox%26settings%3DeyJpZCI6NTk1LCJ1cmwiOiJodHRwczpcL1wvbWljaGVsY2xvdWluLmZyXC93cC1jb250ZW50XC91cGxvYWRzXC8yMDI1XC8xMFwvMTIuanBlZyIsInNsaWRlc2hvdyI6IjZjZDA2NzcifQ%3D%3D\">\n\t\t\t\t\t<div class=\"e-gallery-image elementor-gallery-item__image\" data-thumbnail=\"https:\/\/michelclouin.fr\/wp-content\/uploads\/2025\/10\/12.jpeg\" data-width=\"1024\" data-height=\"1024\" aria-label=\"\" role=\"img\" ><\/div>\n\t\t\t\t\t\t\t\t\t\t\t<div class=\"elementor-gallery-item__overlay\"><\/div>\n\t\t\t\t\t\t\t\t\t\t\t\t\t\t<\/a>\n\t\t\t\t\t\t\t<a class=\"e-gallery-item elementor-gallery-item elementor-animated-content\" href=\"https:\/\/michelclouin.fr\/wp-content\/uploads\/2025\/10\/13.jpeg\" data-elementor-open-lightbox=\"yes\" data-elementor-lightbox-slideshow=\"6cd0677\" data-elementor-lightbox-title=\"S\u00e9rie Danses encore n\u00b013 - Peinture num\u00e9rique\" data-e-action-hash=\"#elementor-action%3Aaction%3Dlightbox%26settings%3DeyJpZCI6NTk2LCJ1cmwiOiJodHRwczpcL1wvbWljaGVsY2xvdWluLmZyXC93cC1jb250ZW50XC91cGxvYWRzXC8yMDI1XC8xMFwvMTMuanBlZyIsInNsaWRlc2hvdyI6IjZjZDA2NzcifQ%3D%3D\">\n\t\t\t\t\t<div class=\"e-gallery-image elementor-gallery-item__image\" data-thumbnail=\"https:\/\/michelclouin.fr\/wp-content\/uploads\/2025\/10\/13.jpeg\" data-width=\"1024\" data-height=\"1024\" aria-label=\"\" role=\"img\" ><\/div>\n\t\t\t\t\t\t\t\t\t\t\t<div class=\"elementor-gallery-item__overlay\"><\/div>\n\t\t\t\t\t\t\t\t\t\t\t\t\t\t<\/a>\n\t\t\t\t\t\t\t<a class=\"e-gallery-item elementor-gallery-item elementor-animated-content\" href=\"https:\/\/michelclouin.fr\/wp-content\/uploads\/2025\/10\/14.jpeg\" data-elementor-open-lightbox=\"yes\" data-elementor-lightbox-slideshow=\"6cd0677\" data-elementor-lightbox-title=\"S\u00e9rie Danses encore n\u00b014 - Peinture num\u00e9rique\" data-e-action-hash=\"#elementor-action%3Aaction%3Dlightbox%26settings%3DeyJpZCI6NTk3LCJ1cmwiOiJodHRwczpcL1wvbWljaGVsY2xvdWluLmZyXC93cC1jb250ZW50XC91cGxvYWRzXC8yMDI1XC8xMFwvMTQuanBlZyIsInNsaWRlc2hvdyI6IjZjZDA2NzcifQ%3D%3D\">\n\t\t\t\t\t<div class=\"e-gallery-image elementor-gallery-item__image\" data-thumbnail=\"https:\/\/michelclouin.fr\/wp-content\/uploads\/2025\/10\/14.jpeg\" data-width=\"1024\" data-height=\"1024\" aria-label=\"\" role=\"img\" ><\/div>\n\t\t\t\t\t\t\t\t\t\t\t<div class=\"elementor-gallery-item__overlay\"><\/div>\n\t\t\t\t\t\t\t\t\t\t\t\t\t\t<\/a>\n\t\t\t\t\t\t\t<a class=\"e-gallery-item elementor-gallery-item elementor-animated-content\" href=\"https:\/\/michelclouin.fr\/wp-content\/uploads\/2025\/10\/15.jpeg\" data-elementor-open-lightbox=\"yes\" data-elementor-lightbox-slideshow=\"6cd0677\" data-elementor-lightbox-title=\"S\u00e9rie Danses encore n\u00b015 - Peinture num\u00e9rique\" data-e-action-hash=\"#elementor-action%3Aaction%3Dlightbox%26settings%3DeyJpZCI6NTk4LCJ1cmwiOiJodHRwczpcL1wvbWljaGVsY2xvdWluLmZyXC93cC1jb250ZW50XC91cGxvYWRzXC8yMDI1XC8xMFwvMTUuanBlZyIsInNsaWRlc2hvdyI6IjZjZDA2NzcifQ%3D%3D\">\n\t\t\t\t\t<div class=\"e-gallery-image elementor-gallery-item__image\" data-thumbnail=\"https:\/\/michelclouin.fr\/wp-content\/uploads\/2025\/10\/15.jpeg\" data-width=\"1280\" data-height=\"796\" aria-label=\"\" role=\"img\" ><\/div>\n\t\t\t\t\t\t\t\t\t\t\t<div class=\"elementor-gallery-item__overlay\"><\/div>\n\t\t\t\t\t\t\t\t\t\t\t\t\t\t<\/a>\n\t\t\t\t\t\t\t<a class=\"e-gallery-item elementor-gallery-item elementor-animated-content\" href=\"https:\/\/michelclouin.fr\/wp-content\/uploads\/2025\/10\/16-1.jpeg\" data-elementor-open-lightbox=\"yes\" data-elementor-lightbox-slideshow=\"6cd0677\" data-elementor-lightbox-title=\"S\u00e9rie Danses encore n\u00b016 - Peinture num\u00e9rique\" data-e-action-hash=\"#elementor-action%3Aaction%3Dlightbox%26settings%3DeyJpZCI6NTk5LCJ1cmwiOiJodHRwczpcL1wvbWljaGVsY2xvdWluLmZyXC93cC1jb250ZW50XC91cGxvYWRzXC8yMDI1XC8xMFwvMTYtMS5qcGVnIiwic2xpZGVzaG93IjoiNmNkMDY3NyJ9\">\n\t\t\t\t\t<div class=\"e-gallery-image elementor-gallery-item__image\" data-thumbnail=\"https:\/\/michelclouin.fr\/wp-content\/uploads\/2025\/10\/16-1.jpeg\" data-width=\"1280\" data-height=\"796\" aria-label=\"\" role=\"img\" ><\/div>\n\t\t\t\t\t\t\t\t\t\t\t<div class=\"elementor-gallery-item__overlay\"><\/div>\n\t\t\t\t\t\t\t\t\t\t\t\t\t\t<\/a>\n\t\t\t\t\t\t\t<a class=\"e-gallery-item elementor-gallery-item elementor-animated-content\" href=\"https:\/\/michelclouin.fr\/wp-content\/uploads\/2025\/10\/17-1.jpeg\" data-elementor-open-lightbox=\"yes\" data-elementor-lightbox-slideshow=\"6cd0677\" data-elementor-lightbox-title=\"S\u00e9rie Danses encore n\u00b017 - Peinture num\u00e9rique\" data-e-action-hash=\"#elementor-action%3Aaction%3Dlightbox%26settings%3DeyJpZCI6NjAwLCJ1cmwiOiJodHRwczpcL1wvbWljaGVsY2xvdWluLmZyXC93cC1jb250ZW50XC91cGxvYWRzXC8yMDI1XC8xMFwvMTctMS5qcGVnIiwic2xpZGVzaG93IjoiNmNkMDY3NyJ9\">\n\t\t\t\t\t<div class=\"e-gallery-image elementor-gallery-item__image\" data-thumbnail=\"https:\/\/michelclouin.fr\/wp-content\/uploads\/2025\/10\/17-1.jpeg\" data-width=\"1280\" data-height=\"796\" aria-label=\"\" role=\"img\" ><\/div>\n\t\t\t\t\t\t\t\t\t\t\t<div class=\"elementor-gallery-item__overlay\"><\/div>\n\t\t\t\t\t\t\t\t\t\t\t\t\t\t<\/a>\n\t\t\t\t\t<\/div>\n\t\t\t\t\t<\/div>\n\t\t\t\t\t<\/div>\n\t\t\t\t<\/div>\n\t\t\t\t<\/div>","protected":false},"excerpt":{"rendered":"<p>Les r\u00e9alisations num\u00e9riques sont imprim\u00e9es sur dibond ou sur papier Inket Rag \u00e0 bords frang\u00e9s.<\/p>","protected":false},"author":3,"featured_media":0,"parent":0,"menu_order":0,"comment_status":"closed","ping_status":"closed","template":"","meta":{"footnotes":""},"class_list":["post-1230","page","type-page","status-publish","hentry"],"_links":{"self":[{"href":"https:\/\/michelclouin.fr\/en\/wp-json\/wp\/v2\/pages\/1230","targetHints":{"allow":["GET"]}}],"collection":[{"href":"https:\/\/michelclouin.fr\/en\/wp-json\/wp\/v2\/pages"}],"about":[{"href":"https:\/\/michelclouin.fr\/en\/wp-json\/wp\/v2\/types\/page"}],"author":[{"embeddable":true,"href":"https:\/\/michelclouin.fr\/en\/wp-json\/wp\/v2\/users\/3"}],"replies":[{"embeddable":true,"href":"https:\/\/michelclouin.fr\/en\/wp-json\/wp\/v2\/comments?post=1230"}],"version-history":[{"count":19,"href":"https:\/\/michelclouin.fr\/en\/wp-json\/wp\/v2\/pages\/1230\/revisions"}],"predecessor-version":[{"id":2323,"href":"https:\/\/michelclouin.fr\/en\/wp-json\/wp\/v2\/pages\/1230\/revisions\/2323"}],"wp:attachment":[{"href":"https:\/\/michelclouin.fr\/en\/wp-json\/wp\/v2\/media?parent=1230"}],"curies":[{"name":"wp","href":"https:\/\/api.w.org\/{rel}","templated":true}]}}